{"id":8134,"date":"2023-07-19T05:23:48","date_gmt":"2023-07-19T05:23:48","guid":{"rendered":"https:\/\/asoftwaretester.com\/?page_id=8134"},"modified":"2024-05-29T11:53:24","modified_gmt":"2024-05-29T11:53:24","slug":"istqb-kursai","status":"publish","type":"page","link":"https:\/\/asoftwaretester.com\/lt\/istqb-kursai\/","title":{"rendered":"ISTQB Kursai"},"content":{"rendered":"\t\t<div data-elementor-type=\"wp-page\" data-elementor-id=\"8134\" class=\"elementor elementor-8134 elementor-6556\" data-elementor-post-type=\"page\">\n\t\t\t\t\t\t<div class=\"elementor-inner\">\n\t\t\t\t<div class=\"elementor-section-wrap\">\n\t\t\t\t\t\t\t\t\t<section class=\"elementor-section elementor-top-section elementor-element elementor-element-76a882dd elementor-section-boxed elementor-section-gap-beside-yes elementor-section-height-default elementor-section-height-default elementor-section-column-vertical-align-stretch\" data-id=\"76a882dd\" data-element_type=\"section\">\n\t\t\t\t\t\t<div class=\"elementor-container elementor-column-gap-extended\">\n\t\t\t\t\t\t\t<div class=\"elementor-row\">\n\t\t\t\t\t<div class=\"elementor-column elementor-col-100 elementor-top-column elementor-element elementor-element-1bc4986c\" data-id=\"1bc4986c\" data-element_type=\"column\">\n\t\t\t<div class=\"elementor-column-wrap elementor-element-populated\">\n\t\t\t\t\t\t\t<div class=\"elementor-widget-wrap\">\n\t\t\t\t\t\t<div class=\"elementor-element elementor-element-45d35ab4 maxcoach-title-highlight-01 elementor-widget elementor-widget-tm-heading\" data-id=\"45d35ab4\" data-element_type=\"widget\" data-widget_type=\"tm-heading.default\">\n\t\t\t\t<div class=\"elementor-widget-container\">\n\t\t\t\t\t<div class=\"tm-modern-heading\">\n\t\t\t\n\t\t\t\t\t<div class=\"heading-primary-wrap\">\n\t\t\t<h2 class=\"heading-primary elementor-heading-title\"><mark> ISTQB<\/mark> Kursai<\/h2>\t\t<\/div>\n\t\t\n\t\t\t\n\t\t\t\t\t<div class=\"heading-description-wrap\">\n\t\t\t<div class=\"heading-description\">\n\t\t\t\t<p>Pasiruo\u0161k ISTQB\u00ae Foundation Level egzaminui ir tapk pripa\u017eintu programin\u0117s \u012frangos testavimo profesionalu visame pasaulyje!<\/p>\t\t\t<\/div>\n\t\t<\/div>\n\t\t\t<\/div>\n\t\t\t\t<\/div>\n\t\t\t\t<\/div>\n\t\t\t\t<div class=\"elementor-element elementor-element-2a139e54 maxcoach-animation-zoom-in elementor-widget elementor-widget-tm-course-list\" data-id=\"2a139e54\" data-element_type=\"widget\" data-widget_type=\"tm-course-list.default\">\n\t\t\t\t<div class=\"elementor-widget-container\">\n\t\t\t\t\t<div class=\"maxcoach-course-list\">\n\t\t\t\t\t\t\t\t\t\t\t\t\t\t\t\t\t<div class=\"row\">\n\t<div class=\"col-md-6\">\n\t\t<div class=\"featured-course\">\n\t\t\t\t\t<div class=\"post-8123 lp_course type-lp_course status-publish has-post-thumbnail hentry course\">\n\t\t\t<div class=\"course-wrapper maxcoach-box\">\n\t\t\t\t<div class=\"course-thumbnail-wrapper maxcoach-image\">\n\t\t\t\t\t<a href=\"https:\/\/asoftwaretester.com\/lt\/courses\/istqb-certified-tester-foundation-level-v40\/\" class=\"course-permalink link-secret\">\n\t\t\t\t\t\t<div class=\"course-thumbnail\">\n\t\t\t\t\t\t\t\t\t\t\t\t\t\t\t\t\t\t\t\t\t\t\t<img decoding=\"async\"  src=\"https:\/\/asoftwaretester.com\/wp-content\/uploads\/2023\/06\/standard-quality-control-collage-concept-scaled-570x345.jpg\" alt=\"ISTQB\u00ae Certified Tester \u2013 Foundation Level v4.0\" width=\"570\" \/>\t\t\t\t\t\t\t\t\t\t\t\t\t\t<div class=\"course-overlay-bg\"><\/div>\n\t\t\t\t\t\t<\/div>\n\t\t\t\t\t<\/a>\n\t\t\t\t<\/div>\n\t\t\t\t<div class=\"course-info\">\n\t\t\t\t\t\n\t\t\t\t\t\n\t\t\t\t\t<h3 class=\"course-title\">\n\t\t\t\t\t\t<a href=\"https:\/\/asoftwaretester.com\/lt\/courses\/istqb-certified-tester-foundation-level-v40\/\">ISTQB\u00ae Certified Tester Foundation Level v4.0<\/a>\n\t\t\t\t\t<\/h3>\n\n\t\t\t\t\t<div class=\"course-price-box\">\n\t\t\t\t\t\t\t\t\t<div class=\"course-price\">\n\t\t\t\t\t\t\t\t\t\n\t\t\t\t\t\t\t\t\t\t\t<span class=\"origin-price\">&euro;1,300.00<\/span>\n\t\t\t\t\t\t<span class=\"price\">&euro;1,000<span class=\"decimals-separator\">.00<\/span><\/span>\n\t\t\t\t\t\t\t\t\t\t\t\t<\/div>\n\t\t\t\n\t\t\t\t\t\t\t\t\t\t\t\t\t\t\t\t\t\t\t\t<div class=\"course-meta\">\n\t\t\t\t\t\t\t\t\n\t\t\t\t\t\t\t\t\n\t\t\t\t\t\t\t\t\t\t\t\t\t\t\t\t\t\t\t\t<div class=\"meta-item course-duration aaa\">\n\t\t\t\t<span class=\"meta-icon far fa-clock\"><\/span>\n\t\t\t\t<span class=\"meta-value\">20 valand\u0173(-os)<\/span>\n\t\t\t<\/div>\n\t\t\t\t\t\t\t\t\t\t\t\n\t\t\t\t\t\t\t\t\t\t\t\t\t\t\t<\/div>\n\t\t\t\t\t\t\t\t\t\t\t<\/div>\n\n\t\t\t\t\t<div class=\"course-excerpt\">\n\t\t\t\t\t\t<p>\u0160is, \u201cISTQB\u00ae Certified Tester Foundation Level\u201d pasiruo\u0161imo kursas, yra visi\u0161kai atnaujintas pagal 2023 met\u0173 CTFL v4.0 Syllabus med\u017eiag\u0105. Kurso metu bus padengti visi pagal reikalavimus numatyti mokymosi tikslai (angl. learning objectives) \u012fskaitant ir atnaujintas temas (Agile, DevOps, CI\/CD, kt.). &hellip;<\/p>\t\t\t\t\t<\/div>\n\n\t\t\t\t\t\t\t\t\t<\/div>\n\t\t\t<\/div>\n\t\t<\/div>\n\t\t\t\t<\/div>\n\t<\/div>\n\t<div class=\"col-md-6\">\n\t\t<!--<div class=\"normal-courses\">-->\n\t\t<div class=\"featured-course\">\n\t\t\t\t\t<div class=\"post-10160 lp_course type-lp_course status-publish has-post-thumbnail hentry course\">\n\t\t\t<div class=\"course-wrapper maxcoach-box\">\n\t\t\t\t<div class=\"course-thumbnail-wrapper maxcoach-image\">\n\t\t\t\t\t<a href=\"https:\/\/asoftwaretester.com\/lt\/courses\/testavimo-pagrindai-su-dirbtiniu-intelektu-ai\/\" class=\"course-permalink link-secret\">\n\t\t\t\t\t\t<div class=\"course-thumbnail\">\n\t\t\t\t\t\t\t\t\t\t\t\t\t\t\t\t\t\t\t\t\t\t\t<img decoding=\"async\"  src=\"https:\/\/asoftwaretester.com\/wp-content\/uploads\/2025\/09\/Testavimo-Pagrindai-su-AI-570x345.png\" alt=\"Testavimo Pagrindai su AI\" width=\"570\" \/>\t\t\t\t\t\t\t\t\t\t\t\t\t\t<div class=\"course-overlay-bg\"><\/div>\n\t\t\t\t\t\t<\/div>\n\t\t\t\t\t<\/a>\n\t\t\t\t<\/div>\n\t\t\t\t<div class=\"course-info\">\n\t\t\t\t\t\n\t\t\t\t\t\n\t\t\t\t\t<h3 class=\"course-title\">\n\t\t\t\t\t\t<a href=\"https:\/\/asoftwaretester.com\/lt\/courses\/testavimo-pagrindai-su-dirbtiniu-intelektu-ai\/\">Testavimo Pagrindai su Dirbtiniu Intelektu (AI)<\/a>\n\t\t\t\t\t<\/h3>\n\n\t\t\t\t\t<div class=\"course-price-box\">\n\t\t\t\t\t\t\t\t\t<div class=\"course-price\">\n\t\t\t\t\t\t\t\t\t\n\t\t\t\t\t\t\t\t\t\t\t<span class=\"origin-price\">&euro;1,500.00<\/span>\n\t\t\t\t\t\t<span class=\"price\">&euro;1,000<span class=\"decimals-separator\">.00<\/span><\/span>\n\t\t\t\t\t\t\t\t\t\t\t\t<\/div>\n\t\t\t\n\t\t\t\t\t\t\t\t\t\t\t\t\t\t\t\t\t\t\t\t<div class=\"course-meta\">\n\t\t\t\t\t\t\t\t\n\t\t\t\t\t\t\t\t\n\t\t\t\t\t\t\t\t\t\t\t\t\t\t\t\t\t\t\t\t<div class=\"meta-item course-duration aaa\">\n\t\t\t\t<span class=\"meta-icon far fa-clock\"><\/span>\n\t\t\t\t<span class=\"meta-value\">100 valand\u0173(-os)<\/span>\n\t\t\t<\/div>\n\t\t\t\t\t\t\t\t\t\t\t\n\t\t\t\t\t\t\t\t\t\t\t\t\t\t\t<\/div>\n\t\t\t\t\t\t\t\t\t\t\t<\/div>\n\n\t\t\t\t\t<div class=\"course-excerpt\">\n\t\t\t\t\t\t<p>\u0160i, specialiai naujokams sukurta testavimo programa remiasi ilgamete d\u0117stytojo patirtimi realiuose IT projektuose. Kursas supa\u017eindina su programin\u0117s \u012frangos testavimo pagrindais, kokyb\u0117s u\u017etikrinimo principais bei dirbtinio intelekto (AI) taikymu praktikoje. Mokymai orientuoti \u012f supratim\u0105, kaip testavimas prisideda prie kokybi\u0161kos programin\u0117s \u012frangos k\u016brimo visais jos etapais. &hellip;<\/p>\t\t\t\t\t<\/div>\n\n\t\t\t\t\t\t\t\t\t<\/div>\n\t\t\t<\/div>\n\t\t<\/div>\n\t\t\t\t<\/div>\n\t<\/div>\n<\/div>\n\t\t\t\t\t\t\t\t\t<\/div>\n\t\t\t\t<\/div>\n\t\t\t\t<\/div>\n\t\t\t\t\t\t<\/div>\n\t\t\t\t\t<\/div>\n\t\t<\/div>\n\t\t\t\t\t\t\t\t<\/div>\n\t\t\t\t\t<\/div>\n\t\t<\/section>\n\t\t\t\t\t\t\t\t\t<\/div>\n\t\t\t<\/div>\n\t\t\t\t\t<\/div>\n\t\t","protected":false},"excerpt":{"rendered":"<p>ISTQB Kursai Pasiruo\u0161k ISTQB\u00ae Foundation Level egzaminui ir tapk pripa\u017eintu programin\u0117s \u012frangos testavimo profesionalu visame pasaulyje! ISTQB\u00ae Certified Tester Foundation Level v4.0 &euro;1,300.00 &euro;1,000.00 20 hours \u0160is, \u201cISTQB\u00ae Certified Tester Foundation Level\u201d pasiruo\u0161imo kursas, yra visi\u0161kai atnaujintas pagal 2023 met\u0173 CTFL v4.0 Syllabus med\u017eiag\u0105. Kurso metu bus padengti visi pagal reikalavimus numatyti mokymosi tikslai (angl. learning objectives) \u012fskaitant ir atnaujintas temas (Agile, DevOps, CI\/CD, kt.). &hellip; ISTQB\u00ae Certified Tester Foundation Level v3.1 (Nebed\u0117stoma nuo 2024-05-09) &euro;1,300.00 &euro;1,100.00 3 dienos \u0160is, \u201cISTQB\u00ae Certified Tester Foundation Level\u201d pasiruo\u0161imo kursas, yra sukurtas pagal 2018 met\u0173 CTFL v3.1 Syllabus med\u017eiag\u0105. Kurso metu bus padengti visi pagal reikalavimus numatyti mokymosi tikslai (angl. learning objectives) ir temos. &hellip;<\/p>\n","protected":false},"author":1,"featured_media":0,"parent":0,"menu_order":0,"comment_status":"closed","ping_status":"closed","template":"","meta":{"footnotes":""},"acf":[],"yoast_head":"<!-- This site is optimized with the Yoast SEO plugin v20.7 - https:\/\/yoast.com\/wordpress\/plugins\/seo\/ -->\n<title>ISTQB Kursai<\/title>\n<meta name=\"description\" content=\"ISTQB kursai: pasiruo\u0161k ISTQB egzaminui ir tapk pripa\u017eintu programin\u0117s \u012frangos testavimo profesionalu visame pasaulyje!\" \/>\n<meta name=\"robots\" content=\"index, follow, max-snippet:-1, max-image-preview:large, max-video-preview:-1\" \/>\n<link rel=\"canonical\" href=\"https:\/\/asoftwaretester.com\/lt\/istqb-kursai\/\" \/>\n<meta property=\"og:locale\" content=\"lt_LT\" \/>\n<meta property=\"og:type\" content=\"article\" \/>\n<meta property=\"og:title\" content=\"ISTQB Kursai\" \/>\n<meta property=\"og:description\" content=\"ISTQB kursai: pasiruo\u0161k ISTQB egzaminui ir tapk pripa\u017eintu programin\u0117s \u012frangos testavimo profesionalu visame pasaulyje!\" \/>\n<meta property=\"og:url\" content=\"https:\/\/asoftwaretester.com\/lt\/istqb-kursai\/\" \/>\n<meta property=\"og:site_name\" content=\"asoftwaretester.com\" \/>\n<meta property=\"article:modified_time\" content=\"2024-05-29T11:53:24+00:00\" \/>\n<meta property=\"og:image\" content=\"https:\/\/asoftwaretester.com\/wp-content\/uploads\/2023\/06\/standard-quality-control-collage-concept-scaled-570x345.jpg\" \/>\n<meta name=\"twitter:card\" content=\"summary_large_image\" \/>\n<meta name=\"twitter:label1\" content=\"Est. reading time\" \/>\n\t<meta name=\"twitter:data1\" content=\"2 minut\u0117s\" \/>\n<script type=\"application\/ld+json\" class=\"yoast-schema-graph\">{\"@context\":\"https:\/\/schema.org\",\"@graph\":[{\"@type\":\"WebPage\",\"@id\":\"https:\/\/asoftwaretester.com\/lt\/istqb-kursai\/\",\"url\":\"https:\/\/asoftwaretester.com\/lt\/istqb-kursai\/\",\"name\":\"ISTQB Kursai\",\"isPartOf\":{\"@id\":\"https:\/\/asoftwaretester.com\/#website\"},\"datePublished\":\"2023-07-19T05:23:48+00:00\",\"dateModified\":\"2024-05-29T11:53:24+00:00\",\"description\":\"ISTQB kursai: pasiruo\u0161k ISTQB egzaminui ir tapk pripa\u017eintu programin\u0117s \u012frangos testavimo profesionalu visame pasaulyje!\",\"breadcrumb\":{\"@id\":\"https:\/\/asoftwaretester.com\/lt\/istqb-kursai\/#breadcrumb\"},\"inLanguage\":\"lt-LT\",\"potentialAction\":[{\"@type\":\"ReadAction\",\"target\":[\"https:\/\/asoftwaretester.com\/lt\/istqb-kursai\/\"]}]},{\"@type\":\"BreadcrumbList\",\"@id\":\"https:\/\/asoftwaretester.com\/lt\/istqb-kursai\/#breadcrumb\",\"itemListElement\":[{\"@type\":\"ListItem\",\"position\":1,\"name\":\"Home\",\"item\":\"https:\/\/asoftwaretester.com\/\"},{\"@type\":\"ListItem\",\"position\":2,\"name\":\"ISTQB Kursai\"}]},{\"@type\":\"WebSite\",\"@id\":\"https:\/\/asoftwaretester.com\/#website\",\"url\":\"https:\/\/asoftwaretester.com\/\",\"name\":\"asoftwaretester.com\",\"description\":\"\",\"potentialAction\":[{\"@type\":\"SearchAction\",\"target\":{\"@type\":\"EntryPoint\",\"urlTemplate\":\"https:\/\/asoftwaretester.com\/?s={search_term_string}\"},\"query-input\":\"required name=search_term_string\"}],\"inLanguage\":\"lt-LT\"}]}<\/script>\n<!-- \/ Yoast SEO plugin. -->","yoast_head_json":{"title":"ISTQB Kursai","description":"ISTQB kursai: pasiruo\u0161k ISTQB egzaminui ir tapk pripa\u017eintu programin\u0117s \u012frangos testavimo profesionalu visame pasaulyje!","robots":{"index":"index","follow":"follow","max-snippet":"max-snippet:-1","max-image-preview":"max-image-preview:large","max-video-preview":"max-video-preview:-1"},"canonical":"https:\/\/asoftwaretester.com\/lt\/istqb-kursai\/","og_locale":"lt_LT","og_type":"article","og_title":"ISTQB Kursai","og_description":"ISTQB kursai: pasiruo\u0161k ISTQB egzaminui ir tapk pripa\u017eintu programin\u0117s \u012frangos testavimo profesionalu visame pasaulyje!","og_url":"https:\/\/asoftwaretester.com\/lt\/istqb-kursai\/","og_site_name":"asoftwaretester.com","article_modified_time":"2024-05-29T11:53:24+00:00","og_image":[{"url":"https:\/\/asoftwaretester.com\/wp-content\/uploads\/2023\/06\/standard-quality-control-collage-concept-scaled-570x345.jpg"}],"twitter_card":"summary_large_image","twitter_misc":{"Est. reading time":"2 minut\u0117s"},"schema":{"@context":"https:\/\/schema.org","@graph":[{"@type":"WebPage","@id":"https:\/\/asoftwaretester.com\/lt\/istqb-kursai\/","url":"https:\/\/asoftwaretester.com\/lt\/istqb-kursai\/","name":"ISTQB Kursai","isPartOf":{"@id":"https:\/\/asoftwaretester.com\/#website"},"datePublished":"2023-07-19T05:23:48+00:00","dateModified":"2024-05-29T11:53:24+00:00","description":"ISTQB kursai: pasiruo\u0161k ISTQB egzaminui ir tapk pripa\u017eintu programin\u0117s \u012frangos testavimo profesionalu visame pasaulyje!","breadcrumb":{"@id":"https:\/\/asoftwaretester.com\/lt\/istqb-kursai\/#breadcrumb"},"inLanguage":"lt-LT","potentialAction":[{"@type":"ReadAction","target":["https:\/\/asoftwaretester.com\/lt\/istqb-kursai\/"]}]},{"@type":"BreadcrumbList","@id":"https:\/\/asoftwaretester.com\/lt\/istqb-kursai\/#breadcrumb","itemListElement":[{"@type":"ListItem","position":1,"name":"Home","item":"https:\/\/asoftwaretester.com\/"},{"@type":"ListItem","position":2,"name":"ISTQB Kursai"}]},{"@type":"WebSite","@id":"https:\/\/asoftwaretester.com\/#website","url":"https:\/\/asoftwaretester.com\/","name":"asoftwaretester.com","description":"","potentialAction":[{"@type":"SearchAction","target":{"@type":"EntryPoint","urlTemplate":"https:\/\/asoftwaretester.com\/?s={search_term_string}"},"query-input":"required name=search_term_string"}],"inLanguage":"lt-LT"}]}},"_links":{"self":[{"href":"https:\/\/asoftwaretester.com\/lt\/wp-json\/wp\/v2\/pages\/8134"}],"collection":[{"href":"https:\/\/asoftwaretester.com\/lt\/wp-json\/wp\/v2\/pages"}],"about":[{"href":"https:\/\/asoftwaretester.com\/lt\/wp-json\/wp\/v2\/types\/page"}],"author":[{"embeddable":true,"href":"https:\/\/asoftwaretester.com\/lt\/wp-json\/wp\/v2\/users\/1"}],"replies":[{"embeddable":true,"href":"https:\/\/asoftwaretester.com\/lt\/wp-json\/wp\/v2\/comments?post=8134"}],"version-history":[{"count":22,"href":"https:\/\/asoftwaretester.com\/lt\/wp-json\/wp\/v2\/pages\/8134\/revisions"}],"predecessor-version":[{"id":9706,"href":"https:\/\/asoftwaretester.com\/lt\/wp-json\/wp\/v2\/pages\/8134\/revisions\/9706"}],"wp:attachment":[{"href":"https:\/\/asoftwaretester.com\/lt\/wp-json\/wp\/v2\/media?parent=8134"}],"curies":[{"name":"wp","href":"https:\/\/api.w.org\/{rel}","templated":true}]}}