{"id":8139,"date":"2023-07-19T05:25:34","date_gmt":"2023-07-19T05:25:34","guid":{"rendered":"https:\/\/asoftwaretester.com\/?page_id=8139"},"modified":"2023-08-11T08:15:10","modified_gmt":"2023-08-11T08:15:10","slug":"privatumo-politika","status":"publish","type":"page","link":"https:\/\/asoftwaretester.com\/lt\/privatumo-politika\/","title":{"rendered":"Privatumo politika"},"content":{"rendered":"\t\t<div data-elementor-type=\"wp-page\" data-elementor-id=\"8139\" class=\"elementor elementor-8139 elementor-3\" data-elementor-post-type=\"page\">\n\t\t\t\t\t\t<div class=\"elementor-inner\">\n\t\t\t\t<div class=\"elementor-section-wrap\">\n\t\t\t\t\t\t\t\t\t<section class=\"elementor-section elementor-top-section elementor-element elementor-element-4646f81 elementor-section-boxed elementor-section-gap-beside-yes elementor-section-height-default elementor-section-height-default elementor-section-column-vertical-align-stretch\" data-id=\"4646f81\" data-element_type=\"section\">\n\t\t\t\t\t\t<div class=\"elementor-container elementor-column-gap-extended\">\n\t\t\t\t\t\t\t<div class=\"elementor-row\">\n\t\t\t\t\t<div class=\"elementor-column elementor-col-100 elementor-top-column elementor-element elementor-element-2658c55\" data-id=\"2658c55\" data-element_type=\"column\">\n\t\t\t<div class=\"elementor-column-wrap elementor-element-populated\">\n\t\t\t\t\t\t\t<div class=\"elementor-widget-wrap\">\n\t\t\t\t\t\t<div class=\"elementor-element elementor-element-a721ba7 elementor-widget elementor-widget-text-editor\" data-id=\"a721ba7\" data-element_type=\"widget\" data-widget_type=\"text-editor.default\">\n\t\t\t\t<div class=\"elementor-widget-container\">\n\t\t\t<style>\/*! elementor - v3.18.0 - 08-12-2023 *\/\n.elementor-widget-text-editor.elementor-drop-cap-view-stacked .elementor-drop-cap{background-color:#69727d;color:#fff}.elementor-widget-text-editor.elementor-drop-cap-view-framed .elementor-drop-cap{color:#69727d;border:3px solid;background-color:transparent}.elementor-widget-text-editor:not(.elementor-drop-cap-view-default) .elementor-drop-cap{margin-top:8px}.elementor-widget-text-editor:not(.elementor-drop-cap-view-default) .elementor-drop-cap-letter{width:1em;height:1em}.elementor-widget-text-editor .elementor-drop-cap{float:left;text-align:center;line-height:1;font-size:50px}.elementor-widget-text-editor .elementor-drop-cap-letter{display:inline-block}<\/style>\t\t\t\t\t<div class=\"elementor-text-editor elementor-clearfix\">\n\t\t\t\t<p><!-- wp:heading --><\/p>\n<div>\n<h1><b>Privatumo Politika &#8220;A Software Tester&#8221;<\/b><\/h1>\n<p><b>A Software Tester<\/b><span style=\"font-weight: 400;\"> priklausan\u010dioje https:\/\/asoftwaretester.com\/lt svetain\u0117je yra renkami ir valdomi j\u016bs\u0173 asmeniniai duomenys.<\/span><\/p>\n<p><span style=\"font-weight: 400;\">\u0160i Privatumo politika i\u0161ai\u0161kina, kaip https:\/\/asoftwaretester.com\/lt naudoja j\u016bs\u0173 asmeninius duomenis bei pateikia prie\u017eastis j\u016bs\u0173 asmenini\u0173 duomen\u0173 rinkimui. D\u0117l to, prie\u0161 nar\u0161ant https:\/\/asoftwaretester.com\/ svetain\u0117je, perskaitykite \u0161\u012f dokument\u0105.<\/span><\/p>\n<p><span style=\"font-weight: 400;\">Mes u\u017etikriname j\u016bs\u0173 asmenini\u0173 duomen\u0173 saugum\u0105 ir konfidencialum\u0105.<\/span><\/p>\n<h4><b>Asmeniniai duomenys, kuriuos renkame:<\/b><\/h4>\n<p><span style=\"font-weight: 400;\">Kuomet nar\u0161ote https:\/\/asoftwaretester.com\/lt, automati\u0161kai renkame tam tikr\u0105 informacij\u0105 apie j\u016bs\u0173 \u012frengin\u012f \u2013 nar\u0161ykl\u0117, IP adresas, laiko juosta ir j\u016bs\u0173 \u012frenginio slapukai. Taip pat renkame statistinius duomenis apie nar\u0161ym\u0105 svetain\u0117je: puslapiai, kuriuose apsilankote, produktai, kuriuos per\u017ei\u016brite bei kita svetain\u0117s nar\u0161ymo informacija. \u0160i\u0105 automati\u0161kai renkam\u0105 informacij\u0105 vadiname \u201e\u012erenginio informacija\u201c. Taip pat, galime rinkti asmeninius duomenis, kuriuos j\u016bs mums suteikiate (vardas, el. pa\u0161to adresas, telefono numeris, ir t.t.) sukurdami paskyr\u0105 m\u016bs\u0173 svetain\u0117je ar ra\u0161ant u\u017eklausimus.<\/span><\/p>\n<h4><b>Kod\u0117l renkame j\u016bs\u0173 duomenis?<\/b><\/h4>\n<p><span style=\"font-weight: 400;\">J\u016bs\u0173 duomen\u0173 saugumas mums yra ypatingai svarbus, d\u0117l to renkame ir valdome tik b\u016btiniausius j\u016bs\u0173 asmeninius duomenis, be kuri\u0173 negal\u0117tume u\u017etikrinti sklandaus svetain\u0117s veikimo. Automati\u0161kai renkami duomenys yra naudojami svetain\u0117s analitikoje. Ta\u010diau u\u017etikriname, kad statistin\u0117je informacijoje ne\u012fmanoma atpa\u017einti konkre\u010di\u0173 vartotoj\u0173 tapatyb\u0117s.<\/span><\/p>\n<p><span style=\"font-weight: 400;\">Galite apsilankyti m\u016bs\u0173 svetain\u0117je, nesuteikdami jokios informacijos, kuria b\u016bt\u0173 galima identifikuoti j\u016bs\u0173 asmens tapatyb\u0119. Ta\u010diau, jeigu nor\u0117site pasinaudoti m\u016bs\u0173 svetain\u0117s funkcijomis, nor\u0117site gauti m\u016bs\u0173 naujienlai\u0161k\u012f arba u\u017epildysite m\u016bs\u0173 kontaktin\u0119 form\u0105, tuomet taip galite suteikti mums savo asmenini\u0173 duomen\u0173: el. pa\u0161to adres\u0105, vard\u0105, pavard\u0119, gyvenamosios vietos informacij\u0105, telefono numer\u012f. Turite pasirinkim\u0105 nesuteikti mums savo asmenini\u0173 duomen\u0173, ta\u010diau tokiu atveju negal\u0117site naudotis dauguma svetain\u0117s teikiam\u0173 funkcij\u0173. Svetain\u0117s lankytojai, ne\u017einantys, koki\u0105 informacij\u0105 privalome rinkti, gali susisiekti su mumis el. pa\u0161tu info@asoftwaretester.com.<\/span><\/p>\n<h4><b>J\u016bs\u0173 teis\u0117s:<\/b><\/h4>\n<p><span style=\"font-weight: 400;\">Jeigu esate Europos gyventojas, j\u016bs turite \u012fvairi\u0173 teisi\u0173, susijusi\u0173 su j\u016bs\u0173 asmens duomen\u0173 apsauga:<\/span><\/p>\n<ul>\n<li style=\"font-weight: 400;\" aria-level=\"1\"><span style=\"font-weight: 400;\">Teis\u0117 b\u016bti informuotam.<\/span><\/li>\n<li style=\"font-weight: 400;\" aria-level=\"1\"><span style=\"font-weight: 400;\">Teis\u0117 gauti savo informacij\u0105, kuri\u0105 mes tvarkome.<\/span><\/li>\n<li style=\"font-weight: 400;\" aria-level=\"1\"><span style=\"font-weight: 400;\">Teis\u0117 taisyti netiksli\u0105 ar neteising\u0105 informacij\u0105 apie jus.<\/span><\/li>\n<li style=\"font-weight: 400;\" aria-level=\"1\"><span style=\"font-weight: 400;\">Teis\u0117 i\u0161trinti visus duomenis apie jus.<\/span><\/li>\n<li style=\"font-weight: 400;\" aria-level=\"1\"><span style=\"font-weight: 400;\">Teis\u0117 apriboti duomen\u0173 tvarkym\u0105.<\/span><\/li>\n<li style=\"font-weight: 400;\" aria-level=\"1\"><span style=\"font-weight: 400;\">Teis\u0117 perkelti visus surinktus duomenis apie jus kitam valdytojui.<\/span><\/li>\n<li style=\"font-weight: 400;\" aria-level=\"1\"><span style=\"font-weight: 400;\">Teis\u0117 paprie\u0161tarauti asmens duomen\u0173 tvarkymui.<\/span><\/li>\n<li style=\"font-weight: 400;\" aria-level=\"1\"><span style=\"font-weight: 400;\">Teis\u0117s, susijusios su automatini\u0173 duomen\u0173 valdymu.<\/span><\/li>\n<\/ul>\n<p><span style=\"font-weight: 400;\">Jeigu norite daugiau informacijos, susisiekite su mumis pasinaudoj\u0119 \u017eemiau pateikta kontaktine informacija.<\/span><\/p>\n<p><span style=\"font-weight: 400;\">Persp\u0117jame, kad valdome Europos gyventoj\u0173 asmeninius duomenis, nor\u0117dami i\u0161pildyti j\u016bs\u0173 u\u017esakymus arba kitaip \u012fgyvendinti tikslus, i\u0161vardytus dokumento prad\u017eioje. Atkreipkite d\u0117mes\u012f, kad j\u016bs\u0173 duomenys gali b\u016bti perkelti u\u017e Europos rib\u0173 (pavyzd\u017eiui, \u012f Kanad\u0105 arba JAV).<\/span><\/p>\n<h4><b>Nuorodos \u012f kitas svetaines:<\/b><\/h4>\n<p><span style=\"font-weight: 400;\">M\u016bs\u0173 svetain\u0117je gali b\u016bti kit\u0173 svetaini\u0173, kuri\u0173 mes nevaldome, nuorodos. Pa\u017eymime, kad mes nesame atsakingi u\u017e kit\u0173 svetaini\u0173 ar tre\u010di\u0173j\u0173 \u0161ali\u0173 asmenini\u0173 duomen\u0173 rinkimo procesus. Palikus m\u016bs\u0173 svetain\u0119, rekomenduojame perskaityti tre\u010di\u0173j\u0173 \u0161ali\u0173 svetaini\u0173 privatumo politikas.<\/span><\/p>\n<h4><b>Duomen\u0173 apsauga:<\/b><\/h4>\n<p><span style=\"font-weight: 400;\">J\u016bs\u0173 asmenini\u0173 duomen\u0173 apsaugai pasitelkiame auk\u0161\u010diausios kokyb\u0117s serverius, kuriuos gali pasiekti tik \u012fgalioti asmenys. Mes reguliariai stebime savo sistemas, nor\u0117dami nustatyti, ar n\u0117ra koki\u0173 nors pa\u017eeid\u017eiam\u0173 viet\u0173 ar kibernetini\u0173 atak\u0173, kuri\u0173 metu gal\u0117t\u0173 nukent\u0117ti j\u016bs\u0173 asmeniniai duomenys. Nepaisant to, negarantuojame absoliutaus j\u016bs\u0173 asmenini\u0173 duomen\u0173 saugumo.<\/span><\/p>\n<h4><b>Duomen\u0173 atskleidimas:<\/b><\/h4>\n<p><span style=\"font-weight: 400;\">\u012estatymo numatyta tvarka pasiliekame teis\u0119 atskleisti j\u016bs\u0173 asmeninius duomenis, jei reik\u0117t\u0173 apginti savo teises, savo ir aplinkini\u0173 saugum\u0105, i\u0161tirti nusikaltim\u0105 arba atsakyti \u012f vyriausyb\u0117s pra\u0161ym\u0105 atskleisti j\u016bs\u0173 asmeninius duomenis.<\/span><\/p>\n<h4><b>Kontaktin\u0117 informacija:<\/b><\/h4>\n<p><span style=\"font-weight: 400;\">Jeigu norite gauti daugiau informacijos apie \u0161i\u0105 privatumo politik\u0105 arba apie j\u016bs\u0173 asmeninius duomenis, kreipkit\u0117s \u012f mus el. pa\u0161tu info@asoftwaretester.com<\/span><\/p>\n<\/div>\t\t\t\t\t<\/div>\n\t\t\t\t\t\t<\/div>\n\t\t\t\t<\/div>\n\t\t\t\t\t\t<\/div>\n\t\t\t\t\t<\/div>\n\t\t<\/div>\n\t\t\t\t\t\t\t\t<\/div>\n\t\t\t\t\t<\/div>\n\t\t<\/section>\n\t\t\t\t\t\t\t\t\t<\/div>\n\t\t\t<\/div>\n\t\t\t\t\t<\/div>\n\t\t","protected":false},"excerpt":{"rendered":"<p>Privatumo Politika &#8220;A Software Tester&#8221; A Software Tester priklausan\u010dioje https:\/\/asoftwaretester.com\/lt svetain\u0117je yra renkami ir valdomi j\u016bs\u0173 asmeniniai duomenys. \u0160i Privatumo politika i\u0161ai\u0161kina, kaip https:\/\/asoftwaretester.com\/lt naudoja j\u016bs\u0173 asmeninius duomenis bei pateikia prie\u017eastis j\u016bs\u0173 asmenini\u0173 duomen\u0173 rinkimui. D\u0117l to, prie\u0161 nar\u0161ant https:\/\/asoftwaretester.com\/ svetain\u0117je, perskaitykite \u0161\u012f dokument\u0105. Mes u\u017etikriname j\u016bs\u0173 asmenini\u0173 duomen\u0173 saugum\u0105 ir konfidencialum\u0105. Asmeniniai duomenys, kuriuos renkame: Kuomet nar\u0161ote https:\/\/asoftwaretester.com\/lt, automati\u0161kai renkame tam tikr\u0105 informacij\u0105 apie j\u016bs\u0173 \u012frengin\u012f \u2013 nar\u0161ykl\u0117, IP adresas, laiko juosta ir j\u016bs\u0173 \u012frenginio slapukai. Taip pat renkame statistinius duomenis apie nar\u0161ym\u0105 svetain\u0117je: puslapiai, kuriuose apsilankote, produktai, kuriuos per\u017ei\u016brite bei kita svetain\u0117s nar\u0161ymo informacija. \u0160i\u0105 automati\u0161kai renkam\u0105 informacij\u0105 vadiname \u201e\u012erenginio informacija\u201c. Taip pat, galime rinkti asmeninius duomenis, kuriuos j\u016bs mums suteikiate (vardas, el. pa\u0161to adresas, telefono numeris, ir t.t.) sukurdami paskyr\u0105 m\u016bs\u0173 svetain\u0117je ar ra\u0161ant u\u017eklausimus. Kod\u0117l renkame j\u016bs\u0173 duomenis? J\u016bs\u0173 duomen\u0173 saugumas mums yra ypatingai svarbus, d\u0117l to renkame ir valdome tik b\u016btiniausius j\u016bs\u0173 asmeninius duomenis, be kuri\u0173 negal\u0117tume u\u017etikrinti sklandaus svetain\u0117s veikimo. Automati\u0161kai renkami duomenys yra naudojami svetain\u0117s analitikoje. Ta\u010diau u\u017etikriname, kad statistin\u0117je informacijoje ne\u012fmanoma atpa\u017einti konkre\u010di\u0173 vartotoj\u0173 tapatyb\u0117s. Galite apsilankyti m\u016bs\u0173 svetain\u0117je, nesuteikdami jokios informacijos, kuria b\u016bt\u0173 galima identifikuoti j\u016bs\u0173 asmens tapatyb\u0119. Ta\u010diau, jeigu nor\u0117site pasinaudoti m\u016bs\u0173 svetain\u0117s funkcijomis, nor\u0117site gauti m\u016bs\u0173 naujienlai\u0161k\u012f arba u\u017epildysite m\u016bs\u0173 kontaktin\u0119 form\u0105, tuomet taip galite suteikti mums savo asmenini\u0173 duomen\u0173: el. pa\u0161to adres\u0105, vard\u0105, pavard\u0119, gyvenamosios vietos informacij\u0105, telefono numer\u012f. Turite pasirinkim\u0105 nesuteikti mums savo asmenini\u0173 duomen\u0173, ta\u010diau tokiu atveju negal\u0117site naudotis dauguma svetain\u0117s teikiam\u0173 funkcij\u0173. Svetain\u0117s lankytojai, ne\u017einantys, koki\u0105 informacij\u0105 privalome rinkti, gali susisiekti su mumis el. pa\u0161tu info@asoftwaretester.com. J\u016bs\u0173 teis\u0117s: Jeigu esate Europos gyventojas, j\u016bs turite \u012fvairi\u0173 teisi\u0173, susijusi\u0173 su j\u016bs\u0173 asmens duomen\u0173 apsauga: Teis\u0117 b\u016bti informuotam. Teis\u0117 gauti savo informacij\u0105, kuri\u0105 mes tvarkome. Teis\u0117 taisyti netiksli\u0105 ar neteising\u0105 informacij\u0105 apie jus. Teis\u0117 i\u0161trinti visus duomenis apie jus. Teis\u0117 apriboti duomen\u0173 tvarkym\u0105. Teis\u0117 perkelti visus surinktus duomenis apie jus kitam valdytojui. Teis\u0117 paprie\u0161tarauti asmens duomen\u0173 tvarkymui. Teis\u0117s, susijusios su automatini\u0173 duomen\u0173 valdymu. Jeigu norite daugiau informacijos, susisiekite su mumis pasinaudoj\u0119 \u017eemiau pateikta kontaktine informacija. Persp\u0117jame, kad valdome Europos gyventoj\u0173 asmeninius duomenis, nor\u0117dami i\u0161pildyti j\u016bs\u0173 u\u017esakymus arba kitaip \u012fgyvendinti tikslus, i\u0161vardytus dokumento prad\u017eioje. Atkreipkite d\u0117mes\u012f, kad j\u016bs\u0173 duomenys gali b\u016bti perkelti u\u017e Europos rib\u0173 (pavyzd\u017eiui, \u012f Kanad\u0105 arba JAV). Nuorodos \u012f kitas svetaines: M\u016bs\u0173 svetain\u0117je gali b\u016bti kit\u0173 svetaini\u0173, kuri\u0173 mes nevaldome, nuorodos. Pa\u017eymime, kad mes nesame atsakingi u\u017e kit\u0173 svetaini\u0173 ar tre\u010di\u0173j\u0173 \u0161ali\u0173 asmenini\u0173 duomen\u0173 rinkimo procesus. Palikus m\u016bs\u0173 svetain\u0119, rekomenduojame perskaityti tre\u010di\u0173j\u0173 \u0161ali\u0173 svetaini\u0173 privatumo politikas. Duomen\u0173 apsauga: J\u016bs\u0173 asmenini\u0173 duomen\u0173 apsaugai pasitelkiame auk\u0161\u010diausios kokyb\u0117s serverius, kuriuos gali pasiekti tik \u012fgalioti asmenys. Mes reguliariai stebime savo sistemas, nor\u0117dami nustatyti, ar n\u0117ra koki\u0173 nors pa\u017eeid\u017eiam\u0173 viet\u0173 ar kibernetini\u0173 atak\u0173, kuri\u0173 metu gal\u0117t\u0173 nukent\u0117ti j\u016bs\u0173 asmeniniai duomenys. Nepaisant to, negarantuojame absoliutaus j\u016bs\u0173 asmenini\u0173 duomen\u0173 saugumo. Duomen\u0173 atskleidimas: \u012estatymo numatyta tvarka pasiliekame teis\u0119 atskleisti j\u016bs\u0173 asmeninius duomenis, jei reik\u0117t\u0173 apginti savo teises, savo ir aplinkini\u0173 saugum\u0105, i\u0161tirti nusikaltim\u0105 arba atsakyti \u012f vyriausyb\u0117s pra\u0161ym\u0105 atskleisti j\u016bs\u0173 asmeninius duomenis. Kontaktin\u0117 informacija: Jeigu norite gauti daugiau informacijos apie \u0161i\u0105 privatumo politik\u0105 arba apie j\u016bs\u0173 asmeninius duomenis, kreipkit\u0117s \u012f mus el. pa\u0161tu info@asoftwaretester.com<\/p>\n","protected":false},"author":1,"featured_media":0,"parent":0,"menu_order":0,"comment_status":"closed","ping_status":"open","template":"","meta":{"footnotes":""},"acf":[],"yoast_head":"<!-- This site is optimized with the Yoast SEO plugin v20.7 - https:\/\/yoast.com\/wordpress\/plugins\/seo\/ -->\n<title>Privatumo politika - asoftwaretester.com<\/title>\n<meta name=\"description\" content=\"A Software Tester priklausan\u010dioje https:\/\/asoftwaretester.com\/lt svetain\u0117je yra renkami ir valdomi j\u016bs\u0173 asmeniniai duomenys.\" \/>\n<meta name=\"robots\" content=\"index, follow, max-snippet:-1, max-image-preview:large, max-video-preview:-1\" \/>\n<link rel=\"canonical\" href=\"https:\/\/asoftwaretester.com\/lt\/privatumo-politika\/\" \/>\n<meta property=\"og:locale\" content=\"lt_LT\" \/>\n<meta property=\"og:type\" content=\"article\" \/>\n<meta property=\"og:title\" content=\"Privatumo politika - asoftwaretester.com\" \/>\n<meta property=\"og:description\" content=\"A Software Tester priklausan\u010dioje https:\/\/asoftwaretester.com\/lt svetain\u0117je yra renkami ir valdomi j\u016bs\u0173 asmeniniai duomenys.\" \/>\n<meta property=\"og:url\" content=\"https:\/\/asoftwaretester.com\/lt\/privatumo-politika\/\" \/>\n<meta property=\"og:site_name\" content=\"asoftwaretester.com\" \/>\n<meta property=\"article:modified_time\" content=\"2023-08-11T08:15:10+00:00\" \/>\n<meta name=\"twitter:card\" content=\"summary_large_image\" \/>\n<meta name=\"twitter:label1\" content=\"Est. reading time\" \/>\n\t<meta name=\"twitter:data1\" content=\"3 minut\u0117s\" \/>\n<script type=\"application\/ld+json\" class=\"yoast-schema-graph\">{\"@context\":\"https:\/\/schema.org\",\"@graph\":[{\"@type\":\"WebPage\",\"@id\":\"https:\/\/asoftwaretester.com\/lt\/privatumo-politika\/\",\"url\":\"https:\/\/asoftwaretester.com\/lt\/privatumo-politika\/\",\"name\":\"Privatumo politika - asoftwaretester.com\",\"isPartOf\":{\"@id\":\"https:\/\/asoftwaretester.com\/#website\"},\"datePublished\":\"2023-07-19T05:25:34+00:00\",\"dateModified\":\"2023-08-11T08:15:10+00:00\",\"description\":\"A Software Tester priklausan\u010dioje https:\/\/asoftwaretester.com\/lt svetain\u0117je yra renkami ir valdomi j\u016bs\u0173 asmeniniai duomenys.\",\"breadcrumb\":{\"@id\":\"https:\/\/asoftwaretester.com\/lt\/privatumo-politika\/#breadcrumb\"},\"inLanguage\":\"lt-LT\",\"potentialAction\":[{\"@type\":\"ReadAction\",\"target\":[\"https:\/\/asoftwaretester.com\/lt\/privatumo-politika\/\"]}]},{\"@type\":\"BreadcrumbList\",\"@id\":\"https:\/\/asoftwaretester.com\/lt\/privatumo-politika\/#breadcrumb\",\"itemListElement\":[{\"@type\":\"ListItem\",\"position\":1,\"name\":\"Home\",\"item\":\"https:\/\/asoftwaretester.com\/\"},{\"@type\":\"ListItem\",\"position\":2,\"name\":\"Privatumo politika\"}]},{\"@type\":\"WebSite\",\"@id\":\"https:\/\/asoftwaretester.com\/#website\",\"url\":\"https:\/\/asoftwaretester.com\/\",\"name\":\"asoftwaretester.com\",\"description\":\"\",\"potentialAction\":[{\"@type\":\"SearchAction\",\"target\":{\"@type\":\"EntryPoint\",\"urlTemplate\":\"https:\/\/asoftwaretester.com\/?s={search_term_string}\"},\"query-input\":\"required name=search_term_string\"}],\"inLanguage\":\"lt-LT\"}]}<\/script>\n<!-- \/ Yoast SEO plugin. -->","yoast_head_json":{"title":"Privatumo politika - asoftwaretester.com","description":"A Software Tester priklausan\u010dioje https:\/\/asoftwaretester.com\/lt svetain\u0117je yra renkami ir valdomi j\u016bs\u0173 asmeniniai duomenys.","robots":{"index":"index","follow":"follow","max-snippet":"max-snippet:-1","max-image-preview":"max-image-preview:large","max-video-preview":"max-video-preview:-1"},"canonical":"https:\/\/asoftwaretester.com\/lt\/privatumo-politika\/","og_locale":"lt_LT","og_type":"article","og_title":"Privatumo politika - asoftwaretester.com","og_description":"A Software Tester priklausan\u010dioje https:\/\/asoftwaretester.com\/lt svetain\u0117je yra renkami ir valdomi j\u016bs\u0173 asmeniniai duomenys.","og_url":"https:\/\/asoftwaretester.com\/lt\/privatumo-politika\/","og_site_name":"asoftwaretester.com","article_modified_time":"2023-08-11T08:15:10+00:00","twitter_card":"summary_large_image","twitter_misc":{"Est. reading time":"3 minut\u0117s"},"schema":{"@context":"https:\/\/schema.org","@graph":[{"@type":"WebPage","@id":"https:\/\/asoftwaretester.com\/lt\/privatumo-politika\/","url":"https:\/\/asoftwaretester.com\/lt\/privatumo-politika\/","name":"Privatumo politika - asoftwaretester.com","isPartOf":{"@id":"https:\/\/asoftwaretester.com\/#website"},"datePublished":"2023-07-19T05:25:34+00:00","dateModified":"2023-08-11T08:15:10+00:00","description":"A Software Tester priklausan\u010dioje https:\/\/asoftwaretester.com\/lt svetain\u0117je yra renkami ir valdomi j\u016bs\u0173 asmeniniai duomenys.","breadcrumb":{"@id":"https:\/\/asoftwaretester.com\/lt\/privatumo-politika\/#breadcrumb"},"inLanguage":"lt-LT","potentialAction":[{"@type":"ReadAction","target":["https:\/\/asoftwaretester.com\/lt\/privatumo-politika\/"]}]},{"@type":"BreadcrumbList","@id":"https:\/\/asoftwaretester.com\/lt\/privatumo-politika\/#breadcrumb","itemListElement":[{"@type":"ListItem","position":1,"name":"Home","item":"https:\/\/asoftwaretester.com\/"},{"@type":"ListItem","position":2,"name":"Privatumo politika"}]},{"@type":"WebSite","@id":"https:\/\/asoftwaretester.com\/#website","url":"https:\/\/asoftwaretester.com\/","name":"asoftwaretester.com","description":"","potentialAction":[{"@type":"SearchAction","target":{"@type":"EntryPoint","urlTemplate":"https:\/\/asoftwaretester.com\/?s={search_term_string}"},"query-input":"required name=search_term_string"}],"inLanguage":"lt-LT"}]}},"_links":{"self":[{"href":"https:\/\/asoftwaretester.com\/lt\/wp-json\/wp\/v2\/pages\/8139"}],"collection":[{"href":"https:\/\/asoftwaretester.com\/lt\/wp-json\/wp\/v2\/pages"}],"about":[{"href":"https:\/\/asoftwaretester.com\/lt\/wp-json\/wp\/v2\/types\/page"}],"author":[{"embeddable":true,"href":"https:\/\/asoftwaretester.com\/lt\/wp-json\/wp\/v2\/users\/1"}],"replies":[{"embeddable":true,"href":"https:\/\/asoftwaretester.com\/lt\/wp-json\/wp\/v2\/comments?post=8139"}],"version-history":[{"count":4,"href":"https:\/\/asoftwaretester.com\/lt\/wp-json\/wp\/v2\/pages\/8139\/revisions"}],"predecessor-version":[{"id":8430,"href":"https:\/\/asoftwaretester.com\/lt\/wp-json\/wp\/v2\/pages\/8139\/revisions\/8430"}],"wp:attachment":[{"href":"https:\/\/asoftwaretester.com\/lt\/wp-json\/wp\/v2\/media?parent=8139"}],"curies":[{"name":"wp","href":"https:\/\/api.w.org\/{rel}","templated":true}]}}