{"id":8677,"date":"2023-08-01T12:12:54","date_gmt":"2023-08-01T12:12:54","guid":{"rendered":"https:\/\/asoftwaretester.com\/?page_id=8677"},"modified":"2024-05-29T11:55:20","modified_gmt":"2024-05-29T11:55:20","slug":"kiti-kursai","status":"publish","type":"page","link":"https:\/\/asoftwaretester.com\/lt\/kiti-kursai\/","title":{"rendered":"Kiti Kursai"},"content":{"rendered":"\t\t<div data-elementor-type=\"wp-page\" data-elementor-id=\"8677\" class=\"elementor elementor-8677 elementor-8633\" data-elementor-post-type=\"page\">\n\t\t\t\t\t\t<div class=\"elementor-inner\">\n\t\t\t\t<div class=\"elementor-section-wrap\">\n\t\t\t\t\t\t\t\t\t<section class=\"elementor-section elementor-top-section elementor-element elementor-element-44722571 elementor-section-boxed elementor-section-gap-beside-yes elementor-section-height-default elementor-section-height-default elementor-section-column-vertical-align-stretch\" data-id=\"44722571\" data-element_type=\"section\">\n\t\t\t\t\t\t<div class=\"elementor-container elementor-column-gap-extended\">\n\t\t\t\t\t\t\t<div class=\"elementor-row\">\n\t\t\t\t\t<div class=\"elementor-column elementor-col-100 elementor-top-column elementor-element elementor-element-73bf3d0d\" data-id=\"73bf3d0d\" data-element_type=\"column\">\n\t\t\t<div class=\"elementor-column-wrap elementor-element-populated\">\n\t\t\t\t\t\t\t<div class=\"elementor-widget-wrap\">\n\t\t\t\t\t\t<div class=\"elementor-element elementor-element-2ae6274 maxcoach-title-highlight-01 elementor-widget elementor-widget-tm-heading\" data-id=\"2ae6274\" data-element_type=\"widget\" data-widget_type=\"tm-heading.default\">\n\t\t\t\t<div class=\"elementor-widget-container\">\n\t\t\t\t\t<div class=\"tm-modern-heading\">\n\t\t\t\n\t\t\t\t\t<div class=\"heading-primary-wrap\">\n\t\t\t<h2 class=\"heading-primary elementor-heading-title\"> <mark>Kiti Testavimo\u200b<\/mark> Kursai<\/h2>\t\t<\/div>\n\t\t\n\t\t\t\n\t\t\t\t\t<\/div>\n\t\t\t\t<\/div>\n\t\t\t\t<\/div>\n\t\t\t\t<div class=\"elementor-element elementor-element-160ba0e1 maxcoach-animation-zoom-in elementor-widget elementor-widget-tm-course-list\" data-id=\"160ba0e1\" data-element_type=\"widget\" data-widget_type=\"tm-course-list.default\">\n\t\t\t\t<div class=\"elementor-widget-container\">\n\t\t\t\t\t<div class=\"maxcoach-course-list\">\n\t\t\t\t\t\t\t\t\t\t\t\t\t\t\t\t\t<div class=\"row\">\n\t<div class=\"col-md-6\">\n\t\t<div class=\"featured-course\">\n\t\t\t\t\t<div class=\"post-10160 lp_course type-lp_course status-publish has-post-thumbnail hentry course\">\n\t\t\t<div class=\"course-wrapper maxcoach-box\">\n\t\t\t\t<div class=\"course-thumbnail-wrapper maxcoach-image\">\n\t\t\t\t\t<a href=\"https:\/\/asoftwaretester.com\/lt\/courses\/testavimo-pagrindai-su-dirbtiniu-intelektu-ai\/\" class=\"course-permalink link-secret\">\n\t\t\t\t\t\t<div class=\"course-thumbnail\">\n\t\t\t\t\t\t\t\t\t\t\t\t\t\t\t\t\t\t\t\t\t\t\t<img decoding=\"async\"  src=\"https:\/\/asoftwaretester.com\/wp-content\/uploads\/2025\/09\/Testavimo-Pagrindai-su-AI-570x345.png\" alt=\"Testavimo Pagrindai su AI\" width=\"570\" \/>\t\t\t\t\t\t\t\t\t\t\t\t\t\t<div class=\"course-overlay-bg\"><\/div>\n\t\t\t\t\t\t<\/div>\n\t\t\t\t\t<\/a>\n\t\t\t\t<\/div>\n\t\t\t\t<div class=\"course-info\">\n\t\t\t\t\t\n\t\t\t\t\t\n\t\t\t\t\t<h3 class=\"course-title\">\n\t\t\t\t\t\t<a href=\"https:\/\/asoftwaretester.com\/lt\/courses\/testavimo-pagrindai-su-dirbtiniu-intelektu-ai\/\">Testavimo Pagrindai su Dirbtiniu Intelektu (AI)<\/a>\n\t\t\t\t\t<\/h3>\n\n\t\t\t\t\t<div class=\"course-price-box\">\n\t\t\t\t\t\t\t\t\t<div class=\"course-price\">\n\t\t\t\t\t\t\t\t\t\n\t\t\t\t\t\t\t\t\t\t\t<span class=\"origin-price\">&euro;1,500.00<\/span>\n\t\t\t\t\t\t<span class=\"price\">&euro;1,000<span class=\"decimals-separator\">.00<\/span><\/span>\n\t\t\t\t\t\t\t\t\t\t\t\t<\/div>\n\t\t\t\n\t\t\t\t\t\t\t\t\t\t\t\t\t\t\t\t\t\t\t\t<div class=\"course-meta\">\n\t\t\t\t\t\t\t\t\n\t\t\t\t\t\t\t\t\n\t\t\t\t\t\t\t\t\t\t\t\t\t\t\t\t\t\t\t\t<div class=\"meta-item course-duration aaa\">\n\t\t\t\t<span class=\"meta-icon far fa-clock\"><\/span>\n\t\t\t\t<span class=\"meta-value\">100 valand\u0173(-os)<\/span>\n\t\t\t<\/div>\n\t\t\t\t\t\t\t\t\t\t\t\n\t\t\t\t\t\t\t\t\t\t\t\t\t\t\t<\/div>\n\t\t\t\t\t\t\t\t\t\t\t<\/div>\n\n\t\t\t\t\t<div class=\"course-excerpt\">\n\t\t\t\t\t\t<p>\u0160i, specialiai naujokams sukurta testavimo programa remiasi ilgamete d\u0117stytojo patirtimi realiuose IT projektuose. Kursas supa\u017eindina su programin\u0117s \u012frangos testavimo pagrindais, kokyb\u0117s u\u017etikrinimo principais bei dirbtinio intelekto (AI) taikymu praktikoje. Mokymai orientuoti \u012f supratim\u0105, kaip testavimas prisideda prie kokybi\u0161kos programin\u0117s \u012frangos k\u016brimo visais jos etapais. &hellip;<\/p>\t\t\t\t\t<\/div>\n\n\t\t\t\t\t\t\t\t\t<\/div>\n\t\t\t<\/div>\n\t\t<\/div>\n\t\t\t\t<\/div>\n\t<\/div>\n\t<div class=\"col-md-6\">\n\t\t<!--<div class=\"normal-courses\">-->\n\t\t<div class=\"featured-course\">\n\t\t\t\t\t<div class=\"post-8835 lp_course type-lp_course status-publish has-post-thumbnail hentry course\">\n\t\t\t<div class=\"course-wrapper maxcoach-box\">\n\t\t\t\t<div class=\"course-thumbnail-wrapper maxcoach-image\">\n\t\t\t\t\t<a href=\"https:\/\/asoftwaretester.com\/lt\/courses\/testavimo-kursai-mokymai-seminarai\/\" class=\"course-permalink link-secret\">\n\t\t\t\t\t\t<div class=\"course-thumbnail\">\n\t\t\t\t\t\t\t\t\t\t\t\t\t\t\t\t\t\t\t\t\t\t\t<img decoding=\"async\"  src=\"https:\/\/asoftwaretester.com\/wp-content\/uploads\/2023\/08\/software-testing-workshop-570x345.jpg\" alt=\"software-testing-workshop\" width=\"570\" \/>\t\t\t\t\t\t\t\t\t\t\t\t\t\t<div class=\"course-overlay-bg\"><\/div>\n\t\t\t\t\t\t<\/div>\n\t\t\t\t\t<\/a>\n\t\t\t\t<\/div>\n\t\t\t\t<div class=\"course-info\">\n\t\t\t\t\t\n\t\t\t\t\t\n\t\t\t\t\t<h3 class=\"course-title\">\n\t\t\t\t\t\t<a href=\"https:\/\/asoftwaretester.com\/lt\/courses\/testavimo-kursai-mokymai-seminarai\/\">Testavimo Mokymai | Seminarai | Dirbtuv\u0117s<\/a>\n\t\t\t\t\t<\/h3>\n\n\t\t\t\t\t<div class=\"course-price-box\">\n\t\t\t\t\t\t\t\t\t<div class=\"course-price course-free tt\">\n\t\t\t\t\t\t\t\t\t\n\t\t\t\t\t\t\t\t\t\t\n\t\t\t\t\t\t<span class=\"price\">Pagal Susitarim\u0105<\/span>\n\t\t\t\t\t\t\t\t\t\t\t\t<\/div>\n\t\t\t\n\t\t\t\t\t\t\t\t\t\t\t\t\t\t\t\t\t\t\t\t<div class=\"course-meta\">\n\t\t\t\t\t\t\t\t\n\t\t\t\t\t\t\t\t\n\t\t\t\t\t\t\t\t\t\t\t\t\t\t\t\t\t\t\t\t<div class=\"meta-item course-duration aaa\">\n\t\t\t\t<span class=\"meta-icon far fa-clock\"><\/span>\n\t\t\t\t<span class=\"meta-value\">1 diena<\/span>\n\t\t\t<\/div>\n\t\t\t\t\t\t\t\t\t\t\t\n\t\t\t\t\t\t\t\t\t\t\t\t\t\t\t<\/div>\n\t\t\t\t\t\t\t\t\t\t\t<\/div>\n\n\t\t\t\t\t<div class=\"course-excerpt\">\n\t\t\t\t\t\t<p>Programin\u0117s \u012frangos testavimo mokymai, seminarai ar kursai yra labai naudingi \u012fmon\u0117ms, kurios nori susipa\u017eindinti savo darbuotojus su kokyb\u0117s u\u017etikrinimu ir testavimu. O patys testavimo \u012fg\u016b\u017ediai yra labai svarb\u016bs kiekvienam, dirban\u010diam programin\u0117s \u012frangos k\u016brimo srityje. Mes galime Jums paruo\u0161ti specialiai pritaikytus testavimo mokymus, kursus, seminarus ar dirbtuves pagal J\u016bs\u0173 poreikius. &hellip;<\/p>\t\t\t\t\t<\/div>\n\n\t\t\t\t\t\t\t\t\t<\/div>\n\t\t\t<\/div>\n\t\t<\/div>\n\t\t\t\t<\/div>\n\t<\/div>\n<\/div>\n\t\t\t\t\t\t\t\t\t<\/div>\n\t\t\t\t<\/div>\n\t\t\t\t<\/div>\n\t\t\t\t\t\t<\/div>\n\t\t\t\t\t<\/div>\n\t\t<\/div>\n\t\t\t\t\t\t\t\t<\/div>\n\t\t\t\t\t<\/div>\n\t\t<\/section>\n\t\t\t\t\t\t\t\t\t<\/div>\n\t\t\t<\/div>\n\t\t\t\t\t<\/div>\n\t\t","protected":false},"excerpt":{"rendered":"<p>Kiti Testavimo\u200b Kursai Testavimo Mokymai | Seminarai | Dirbtuv\u0117s Pagal Susitarim\u0105 1 diena Programin\u0117s \u012frangos testavimo mokymai, seminarai ar kursai yra labai naudingi \u012fmon\u0117ms, kurios nori susipa\u017eindinti savo darbuotojus su kokyb\u0117s u\u017etikrinimu ir testavimu. O patys testavimo \u012fg\u016b\u017ediai yra labai svarb\u016bs kiekvienam, dirban\u010diam programin\u0117s \u012frangos k\u016brimo srityje. Mes galime Jums paruo\u0161ti specialiai pritaikytus testavimo mokymus, kursus, seminarus ar dirbtuves pagal J\u016bs\u0173 poreikius. &hellip; Testavimo Kursai Pradedantiesiems &euro;950.00 60 hours \u0160i, unikali ir net kelis metus specialiai naujokams kurta bei tobulinta testavimo programa, yra sukurta remiantis pla\u010dia d\u0117stytojo patirtimi pagal skandinavi\u0161kus mokymosi metodus. Kursas padengia ne tik testavimo (angl. Software Testing) pagrindus, bet ir akcentuoja kokyb\u0117s u\u017etikrinimo (angl. Quality Assurance) principus \u012fvairiuose prorgramin\u0117s \u012frangos k\u016brimo etapuose. &hellip;<\/p>\n","protected":false},"author":1,"featured_media":0,"parent":0,"menu_order":0,"comment_status":"closed","ping_status":"closed","template":"","meta":{"footnotes":""},"acf":[],"yoast_head":"<!-- This site is optimized with the Yoast SEO plugin v20.7 - https:\/\/yoast.com\/wordpress\/plugins\/seo\/ -->\n<title>Testavimo mokymai<\/title>\n<meta name=\"description\" content=\"Programin\u0117s \u012frangos testavimo mokymai yra labai naudingi visiems, kurie nori susipa\u017eindinti su kokyb\u0117s u\u017etikrinimu ir testavimu.\" \/>\n<meta name=\"robots\" content=\"index, follow, max-snippet:-1, max-image-preview:large, max-video-preview:-1\" \/>\n<link rel=\"canonical\" href=\"https:\/\/asoftwaretester.com\/lt\/kiti-kursai\/\" \/>\n<meta property=\"og:locale\" content=\"lt_LT\" \/>\n<meta property=\"og:type\" content=\"article\" \/>\n<meta property=\"og:title\" content=\"Testavimo mokymai\" \/>\n<meta property=\"og:description\" content=\"Programin\u0117s \u012frangos testavimo mokymai yra labai naudingi visiems, kurie nori susipa\u017eindinti su kokyb\u0117s u\u017etikrinimu ir testavimu.\" \/>\n<meta property=\"og:url\" content=\"https:\/\/asoftwaretester.com\/lt\/kiti-kursai\/\" \/>\n<meta property=\"og:site_name\" content=\"asoftwaretester.com\" \/>\n<meta property=\"article:modified_time\" content=\"2024-05-29T11:55:20+00:00\" \/>\n<meta property=\"og:image\" content=\"https:\/\/asoftwaretester.com\/wp-content\/uploads\/2023\/08\/software-testing-workshop-570x345.jpg\" \/>\n<meta name=\"twitter:card\" content=\"summary_large_image\" \/>\n<meta name=\"twitter:label1\" content=\"Est. reading time\" \/>\n\t<meta name=\"twitter:data1\" content=\"2 minut\u0117s\" \/>\n<script type=\"application\/ld+json\" class=\"yoast-schema-graph\">{\"@context\":\"https:\/\/schema.org\",\"@graph\":[{\"@type\":\"WebPage\",\"@id\":\"https:\/\/asoftwaretester.com\/lt\/kiti-kursai\/\",\"url\":\"https:\/\/asoftwaretester.com\/lt\/kiti-kursai\/\",\"name\":\"Testavimo mokymai\",\"isPartOf\":{\"@id\":\"https:\/\/asoftwaretester.com\/#website\"},\"datePublished\":\"2023-08-01T12:12:54+00:00\",\"dateModified\":\"2024-05-29T11:55:20+00:00\",\"description\":\"Programin\u0117s \u012frangos testavimo mokymai yra labai naudingi visiems, kurie nori susipa\u017eindinti su kokyb\u0117s u\u017etikrinimu ir testavimu.\",\"breadcrumb\":{\"@id\":\"https:\/\/asoftwaretester.com\/lt\/kiti-kursai\/#breadcrumb\"},\"inLanguage\":\"lt-LT\",\"potentialAction\":[{\"@type\":\"ReadAction\",\"target\":[\"https:\/\/asoftwaretester.com\/lt\/kiti-kursai\/\"]}]},{\"@type\":\"BreadcrumbList\",\"@id\":\"https:\/\/asoftwaretester.com\/lt\/kiti-kursai\/#breadcrumb\",\"itemListElement\":[{\"@type\":\"ListItem\",\"position\":1,\"name\":\"Home\",\"item\":\"https:\/\/asoftwaretester.com\/\"},{\"@type\":\"ListItem\",\"position\":2,\"name\":\"Kiti Kursai\"}]},{\"@type\":\"WebSite\",\"@id\":\"https:\/\/asoftwaretester.com\/#website\",\"url\":\"https:\/\/asoftwaretester.com\/\",\"name\":\"asoftwaretester.com\",\"description\":\"\",\"potentialAction\":[{\"@type\":\"SearchAction\",\"target\":{\"@type\":\"EntryPoint\",\"urlTemplate\":\"https:\/\/asoftwaretester.com\/?s={search_term_string}\"},\"query-input\":\"required name=search_term_string\"}],\"inLanguage\":\"lt-LT\"}]}<\/script>\n<!-- \/ Yoast SEO plugin. -->","yoast_head_json":{"title":"Testavimo mokymai","description":"Programin\u0117s \u012frangos testavimo mokymai yra labai naudingi visiems, kurie nori susipa\u017eindinti su kokyb\u0117s u\u017etikrinimu ir testavimu.","robots":{"index":"index","follow":"follow","max-snippet":"max-snippet:-1","max-image-preview":"max-image-preview:large","max-video-preview":"max-video-preview:-1"},"canonical":"https:\/\/asoftwaretester.com\/lt\/kiti-kursai\/","og_locale":"lt_LT","og_type":"article","og_title":"Testavimo mokymai","og_description":"Programin\u0117s \u012frangos testavimo mokymai yra labai naudingi visiems, kurie nori susipa\u017eindinti su kokyb\u0117s u\u017etikrinimu ir testavimu.","og_url":"https:\/\/asoftwaretester.com\/lt\/kiti-kursai\/","og_site_name":"asoftwaretester.com","article_modified_time":"2024-05-29T11:55:20+00:00","og_image":[{"url":"https:\/\/asoftwaretester.com\/wp-content\/uploads\/2023\/08\/software-testing-workshop-570x345.jpg"}],"twitter_card":"summary_large_image","twitter_misc":{"Est. reading time":"2 minut\u0117s"},"schema":{"@context":"https:\/\/schema.org","@graph":[{"@type":"WebPage","@id":"https:\/\/asoftwaretester.com\/lt\/kiti-kursai\/","url":"https:\/\/asoftwaretester.com\/lt\/kiti-kursai\/","name":"Testavimo mokymai","isPartOf":{"@id":"https:\/\/asoftwaretester.com\/#website"},"datePublished":"2023-08-01T12:12:54+00:00","dateModified":"2024-05-29T11:55:20+00:00","description":"Programin\u0117s \u012frangos testavimo mokymai yra labai naudingi visiems, kurie nori susipa\u017eindinti su kokyb\u0117s u\u017etikrinimu ir testavimu.","breadcrumb":{"@id":"https:\/\/asoftwaretester.com\/lt\/kiti-kursai\/#breadcrumb"},"inLanguage":"lt-LT","potentialAction":[{"@type":"ReadAction","target":["https:\/\/asoftwaretester.com\/lt\/kiti-kursai\/"]}]},{"@type":"BreadcrumbList","@id":"https:\/\/asoftwaretester.com\/lt\/kiti-kursai\/#breadcrumb","itemListElement":[{"@type":"ListItem","position":1,"name":"Home","item":"https:\/\/asoftwaretester.com\/"},{"@type":"ListItem","position":2,"name":"Kiti Kursai"}]},{"@type":"WebSite","@id":"https:\/\/asoftwaretester.com\/#website","url":"https:\/\/asoftwaretester.com\/","name":"asoftwaretester.com","description":"","potentialAction":[{"@type":"SearchAction","target":{"@type":"EntryPoint","urlTemplate":"https:\/\/asoftwaretester.com\/?s={search_term_string}"},"query-input":"required name=search_term_string"}],"inLanguage":"lt-LT"}]}},"_links":{"self":[{"href":"https:\/\/asoftwaretester.com\/lt\/wp-json\/wp\/v2\/pages\/8677"}],"collection":[{"href":"https:\/\/asoftwaretester.com\/lt\/wp-json\/wp\/v2\/pages"}],"about":[{"href":"https:\/\/asoftwaretester.com\/lt\/wp-json\/wp\/v2\/types\/page"}],"author":[{"embeddable":true,"href":"https:\/\/asoftwaretester.com\/lt\/wp-json\/wp\/v2\/users\/1"}],"replies":[{"embeddable":true,"href":"https:\/\/asoftwaretester.com\/lt\/wp-json\/wp\/v2\/comments?post=8677"}],"version-history":[{"count":18,"href":"https:\/\/asoftwaretester.com\/lt\/wp-json\/wp\/v2\/pages\/8677\/revisions"}],"predecessor-version":[{"id":9709,"href":"https:\/\/asoftwaretester.com\/lt\/wp-json\/wp\/v2\/pages\/8677\/revisions\/9709"}],"wp:attachment":[{"href":"https:\/\/asoftwaretester.com\/lt\/wp-json\/wp\/v2\/media?parent=8677"}],"curies":[{"name":"wp","href":"https:\/\/api.w.org\/{rel}","templated":true}]}}